{"id":62,"date":"2019-06-23T20:53:51","date_gmt":"2019-06-23T20:53:51","guid":{"rendered":"https:\/\/weizel-reinigungssysteme.de\/wrs\/?page_id=62"},"modified":"2019-11-29T21:33:33","modified_gmt":"2019-11-29T21:33:33","slug":"impressum","status":"publish","type":"page","link":"https:\/\/weizel-reinigungssysteme.de\/wrs\/impressum\/","title":{"rendered":"Impressum"},"content":{"rendered":"<p>WEIZEL Gro\u00df- und Einzelhandel<br \/>\nWestrampe 7 &#8211; 9<br \/>\n38442 Wolfsburg<\/p>\n<p>&nbsp;<\/p>\n<p>Telefon: <a href=\"tel:+495362728902\">+49 (0) 5362 728902<\/a><br \/>\nFAX: +49 (0) 5362 947383<br \/>\nE-Mail: <a href=\"mailto:weizel@wzlwob.de\">weizel@wzlwob.de<\/a><br \/>\nInternet: <a href=\"http:\/\/www.weizel-reinigungssysteme.de\">www.weizel-reinigungssysteme.de<\/a><br \/>\nVertretungsberechtigte Gesch\u00e4ftsf\u00fchrer\/in: Olga Weizel<br \/>\nSteuernr.: 19 147 10468<br \/>\nKD.USt-Id: DE253882760<\/p>\n<p>&nbsp;<\/p>\n<hr \/>\n<h3>Bankverbindung f\u00fcr \u00dcberweisungen:<\/h3>\n<p>&nbsp;<\/p>\n<p>Volksbank Brawo<\/p>\n<p>IBAN: DE07 2699 1066 0503 5760 02<\/p>\n<p>BIC: GENODEF1WOB<\/p>\n<p>&nbsp;<\/p>\n<p>&nbsp;<\/p>\n<hr \/>\n<p><strong>Rechtliche Hinweise zur Webseite:<\/strong><\/p>\n<p>Alle Texte, Bilder und weiter hier ver\u00f6ffentlichten Informationen unterliegen dem Urheberrecht des Anbieters, soweit nicht Urheberrechte Dritter bestehen.<br \/>\nIn jedem Fall ist eine Vervielf\u00e4ltigung, Verbreitung oder \u00f6ffentliche Wiedergabe ausschlie\u00dflich im Falle einer widerruflichen und nicht \u00fcbertragbaren Zustimmung des Anbieters gestattet.<br \/>\nDie Inhalte der Webseite werden mit gr\u00f6\u00dfter Sorgfalt erstellt. Dennoch kann keine Garantie f\u00fcr Aktualit\u00e4t und Vollst\u00e4ndigkeit \u00fcbernommen werden.<br \/>\nAufgef\u00fchrte Warenzeichen und Markennamen sind Eigentum ihrer jeweiligen Inhaber.<br \/>\nF\u00fcr alle mittels Querverweis (Link) verbundene Webinhalte \u00fcbernimmt der Anbieter keine Verantwortung, da es sich dabei um keine eigenen Inhalte handelt.<br \/>\nExterne Links wurden auf rechtswidrige Inhalte \u00fcberpr\u00fcft, zum Zeitpunkt der Verlinkung waren solche nicht erkennbar.<br \/>\nBez\u00fcglich fremder Inhalte besteht jedoch keine allgemeine \u00dcberwachungs- und Pr\u00fcfungspflicht.<\/p>\n","protected":false},"excerpt":{"rendered":"<p>WEIZEL Gro\u00df- und Einzelhandel Westrampe 7 &#8211; 9 38442 Wolfsburg &nbsp; Telefon: +49 (0) 5362 728902 FAX: +49 (0) 5362 947383 E-Mail: weizel@wzlwob.de Internet: www.weizel-reinigungssysteme.de Vertretungsberechtigte Gesch\u00e4ftsf\u00fchrer\/in: Olga Weizel Steuernr.: 19 147 10468 KD.USt-Id: DE253882760 &nbsp; Bankverbindung f\u00fcr \u00dcberweisungen: &nbsp; Volksbank Brawo IBAN: DE07 2699 1066 0503 5760 02 BIC: GENODEF1WOB &nbsp; &nbsp; Rechtliche Hinweise [&hellip;]<\/p>\n","protected":false},"author":2,"featured_media":0,"parent":0,"menu_order":0,"comment_status":"closed","ping_status":"closed","template":"","meta":{"footnotes":""},"class_list":["post-62","page","type-page","status-publish","hentry"],"_links":{"self":[{"href":"https:\/\/weizel-reinigungssysteme.de\/wrs\/wp-json\/wp\/v2\/pages\/62","targetHints":{"allow":["GET"]}}],"collection":[{"href":"https:\/\/weizel-reinigungssysteme.de\/wrs\/wp-json\/wp\/v2\/pages"}],"about":[{"href":"https:\/\/weizel-reinigungssysteme.de\/wrs\/wp-json\/wp\/v2\/types\/page"}],"author":[{"embeddable":true,"href":"https:\/\/weizel-reinigungssysteme.de\/wrs\/wp-json\/wp\/v2\/users\/2"}],"replies":[{"embeddable":true,"href":"https:\/\/weizel-reinigungssysteme.de\/wrs\/wp-json\/wp\/v2\/comments?post=62"}],"version-history":[{"count":10,"href":"https:\/\/weizel-reinigungssysteme.de\/wrs\/wp-json\/wp\/v2\/pages\/62\/revisions"}],"predecessor-version":[{"id":274,"href":"https:\/\/weizel-reinigungssysteme.de\/wrs\/wp-json\/wp\/v2\/pages\/62\/revisions\/274"}],"wp:attachment":[{"href":"https:\/\/weizel-reinigungssysteme.de\/wrs\/wp-json\/wp\/v2\/media?parent=62"}],"curies":[{"name":"wp","href":"https:\/\/api.w.org\/{rel}","templated":true}]}}