{"id":2,"date":"2019-06-22T21:12:34","date_gmt":"2019-06-22T21:12:34","guid":{"rendered":"https:\/\/weizel-reinigungssysteme.de\/wrs\/?page_id=2"},"modified":"2023-01-01T19:07:16","modified_gmt":"2023-01-01T19:07:16","slug":"sample-page","status":"publish","type":"page","link":"https:\/\/weizel-reinigungssysteme.de\/wrs\/","title":{"rendered":"Herzlich Willkommen!"},"content":{"rendered":"<p>Weizel Gro\u00df- und Einzelhandel von Reinigungssystemen!<br \/>\nIhr Partner mit Produkten f\u00fcr die professionelle Reinigung!<\/p>\n<p>Wir haben eine gro\u00dfe Angebotspalette von Hygieneartikeln, Reinigungsmitteln!<br \/>\nSeit 2008 sind wir konsequent f\u00fcr die optimale L\u00f6sung von Reinigungsproblemen in allen Bereichen unterwegs. Zu unseren Kunden z\u00e4hlen mehrere Wohnungsbau Gesellschaften, Schulen, Kinderg\u00e4rten, Stadt- und Gemeindeverwaltungen, Restaurants, Hotels, Hoch- und Tiefbaugesellschaften.<\/p>\n<p>Haben Sie noch Fragen?<br \/>\nGerne beantworten wir Ihre Fragen zu unseren Produkten!<\/p>\n<p><em>Rufen Sie uns an!<\/em><\/p>\n<p>&nbsp;<\/p>\n","protected":false},"excerpt":{"rendered":"<p>Weizel Gro\u00df- und Einzelhandel von Reinigungssystemen! Ihr Partner mit Produkten f\u00fcr die professionelle Reinigung! Wir haben eine gro\u00dfe Angebotspalette von Hygieneartikeln, Reinigungsmitteln! Seit 2008 sind wir konsequent f\u00fcr die optimale L\u00f6sung von Reinigungsproblemen in allen Bereichen unterwegs. Zu unseren Kunden z\u00e4hlen mehrere Wohnungsbau Gesellschaften, Schulen, Kinderg\u00e4rten, Stadt- und Gemeindeverwaltungen, Restaurants, Hotels, Hoch- und Tiefbaugesellschaften. Haben [&hellip;]<\/p>\n","protected":false},"author":2,"featured_media":14,"parent":0,"menu_order":0,"comment_status":"closed","ping_status":"closed","template":"","meta":{"footnotes":""},"class_list":["post-2","page","type-page","status-publish","has-post-thumbnail","hentry"],"_links":{"self":[{"href":"https:\/\/weizel-reinigungssysteme.de\/wrs\/wp-json\/wp\/v2\/pages\/2","targetHints":{"allow":["GET"]}}],"collection":[{"href":"https:\/\/weizel-reinigungssysteme.de\/wrs\/wp-json\/wp\/v2\/pages"}],"about":[{"href":"https:\/\/weizel-reinigungssysteme.de\/wrs\/wp-json\/wp\/v2\/types\/page"}],"author":[{"embeddable":true,"href":"https:\/\/weizel-reinigungssysteme.de\/wrs\/wp-json\/wp\/v2\/users\/2"}],"replies":[{"embeddable":true,"href":"https:\/\/weizel-reinigungssysteme.de\/wrs\/wp-json\/wp\/v2\/comments?post=2"}],"version-history":[{"count":29,"href":"https:\/\/weizel-reinigungssysteme.de\/wrs\/wp-json\/wp\/v2\/pages\/2\/revisions"}],"predecessor-version":[{"id":473,"href":"https:\/\/weizel-reinigungssysteme.de\/wrs\/wp-json\/wp\/v2\/pages\/2\/revisions\/473"}],"wp:featuredmedia":[{"embeddable":true,"href":"https:\/\/weizel-reinigungssysteme.de\/wrs\/wp-json\/wp\/v2\/media\/14"}],"wp:attachment":[{"href":"https:\/\/weizel-reinigungssysteme.de\/wrs\/wp-json\/wp\/v2\/media?parent=2"}],"curies":[{"name":"wp","href":"https:\/\/api.w.org\/{rel}","templated":true}]}}